{"id":25,"date":"2020-12-08T03:54:06","date_gmt":"2020-12-08T03:54:06","guid":{"rendered":"https:\/\/gaviaspreview.com\/wp\/sominx\/?page_id=25"},"modified":"2024-05-06T09:09:04","modified_gmt":"2024-05-06T06:09:04","slug":"press","status":"publish","type":"page","link":"https:\/\/anzatsan.com\/en\/press\/","title":{"rendered":"Press"},"content":{"rendered":"\t\t<div data-elementor-type=\"wp-page\" data-elementor-id=\"25\" class=\"elementor elementor-25\">\n\t\t\t\t\t\t\t\t\t<section class=\"elementor-section elementor-top-section elementor-element elementor-element-ce26435 elementor-section-full_width elementor-section-height-default elementor-section-height-default\" data-id=\"ce26435\" data-element_type=\"section\" data-settings=\"{&quot;background_background&quot;:&quot;classic&quot;}\">\n\t\t\t\t\t\t\t<div class=\"elementor-background-overlay\"><\/div>\n\t\t\t\t\t\t\t<div class=\"elementor-container elementor-column-gap-default\">\n\t\t\t\t\t<div class=\"elementor-column elementor-col-100 elementor-top-column elementor-element elementor-element-3a6c8e9\" data-id=\"3a6c8e9\" data-element_type=\"column\">\n\t\t\t<div class=\"elementor-widget-wrap elementor-element-populated\">\n\t\t\t\t\t\t\t\t<div class=\"elementor-element elementor-element-b341828 elementor-widget elementor-widget-gva_post_breadcrumb\" data-id=\"b341828\" data-element_type=\"widget\" data-widget_type=\"gva_post_breadcrumb.default\">\n\t\t\t\t<div class=\"elementor-widget-container\">\n\t\t\t<div class=\"gva-element-gva_post_breadcrumb gva-element\">   \r\n<div class=\"post-breadcrumb\">\r\n   <div class=\"custom-breadcrumb \" >\r\n            <div class=\"breadcrumb-main\">\r\n        <div class=\"container\">\r\n          <div class=\"breadcrumb-container-inner\">\r\n            <h2 class=\"heading-title\">Press<\/h2><ol class=\"breadcrumb\"><li><a href=\"https:\/\/anzatsan.com\/en\">Home<\/a> <\/li> <li class=\"active\">Page<\/li><\/ol>          <\/div>  \r\n        <\/div>   \r\n      <\/div>  \r\n   <\/div>\r\n<\/div>      \r\n\r\n<\/div>\t\t<\/div>\n\t\t\t\t<\/div>\n\t\t\t\t\t<\/div>\n\t\t<\/div>\n\t\t\t\t\t\t\t<\/div>\n\t\t<\/section>\n\t\t\t\t<section class=\"elementor-section elementor-top-section elementor-element elementor-element-1fbe8dbc elementor-section-boxed elementor-section-height-default elementor-section-height-default\" data-id=\"1fbe8dbc\" data-element_type=\"section\">\n\t\t\t\t\t\t<div class=\"elementor-container elementor-column-gap-default\">\n\t\t\t\t\t<div class=\"elementor-column elementor-col-100 elementor-top-column elementor-element elementor-element-505d4390\" data-id=\"505d4390\" data-element_type=\"column\">\n\t\t\t<div class=\"elementor-widget-wrap elementor-element-populated\">\n\t\t\t\t\t\t\t\t<div class=\"elementor-element elementor-element-962a554 elementor-widget elementor-widget-gva-posts\" data-id=\"962a554\" data-element_type=\"widget\" data-widget_type=\"gva-posts.default\">\n\t\t\t\t<div class=\"elementor-widget-container\">\n\t\t\t<div class=\"gva-element-gva-posts gva-element\">  \r\n  <div class=\"gva-posts-grid clearfix gva-posts\">\r\n\t\t<div class=\"gva-content-items\"> \r\n\t\t  <div class=\"lg-block-grid-3 md-block-grid-3 sm-block-grid-2 xs-block-grid-2 xx-block-grid-1\">\r\n\t\t\t <div class=\"item-columns\">\r\n   <article id=\"post-1636\" class=\"post post-style-1 post-1636 type-post status-publish format-standard has-post-thumbnail hentry category-anzatsan category-bizden-haberler\">\r\n      \r\n      <div class=\"post-thumbnail\">\r\n                     <a href=\"https:\/\/anzatsan.com\/en\/mke-76mm-62-kalibre-milli-deniz-topu-tcg-beykoz-korveti-uzerinde-test-edilecek\/\">\r\n               <img fetchpriority=\"high\" decoding=\"async\" width=\"560\" height=\"420\" src=\"https:\/\/anzatsan.com\/en\/wp-content\/uploads\/2024\/01\/anzatsan-7662-deniztopu-560x420.jpg\" class=\"attachment-post-thumbnail size-post-thumbnail wp-post-image\" alt=\"MKE 76mm\/62 kalibre Milli Deniz Topu TCG Beykoz Korveti \u00dczerinde Test Edilecek\" srcset=\"https:\/\/anzatsan.com\/en\/wp-content\/uploads\/2024\/01\/anzatsan-7662-deniztopu-560x420.jpg 560w, https:\/\/anzatsan.com\/en\/wp-content\/uploads\/2024\/01\/anzatsan-7662-deniztopu-768x576.jpg 768w, https:\/\/anzatsan.com\/en\/wp-content\/uploads\/2024\/01\/anzatsan-7662-deniztopu-600x450.jpg 600w, https:\/\/anzatsan.com\/en\/wp-content\/uploads\/2024\/01\/anzatsan-7662-deniztopu.jpg 1024w\" sizes=\"(max-width: 560px) 100vw, 560px\" \/>            <\/a>\r\n            \r\n                     <div class=\"entry-date\">\r\n               <span class=\"date\">20\/07\/2022<\/span>\r\n            <\/div>\r\n               <\/div>\r\n\r\n      <div class=\"entry-content has-thumbnail\">\r\n         <div class=\"content-inner\">\r\n            <div class=\"entry-meta\">\r\n               <div class=\"clearfix meta-inline post-meta-1\"><span class=\"author vcard\"><i class=\"far fa-user-circle\"><\/i>admin<\/span><\/div>            <\/div> \r\n            <h3 class=\"entry-title\"><a href=\"https:\/\/anzatsan.com\/en\/mke-76mm-62-kalibre-milli-deniz-topu-tcg-beykoz-korveti-uzerinde-test-edilecek\/\" rel=\"bookmark\">MKE 76mm\/62 kalibre Milli Deniz Topu TCG Beykoz Korveti \u00dczerinde Test Edilecek<\/a><\/h3>\r\n            \r\n            <div class=\"read-more\">\r\n               <a class=\"btn-read-more\" href=\"https:\/\/anzatsan.com\/en\/mke-76mm-62-kalibre-milli-deniz-topu-tcg-beykoz-korveti-uzerinde-test-edilecek\/\">Read more<i class=\"fas fa-angle-right\"><\/i><\/a>\r\n            <\/div>\r\n         <\/div>\r\n\r\n      <\/div>\r\n   <\/article>   \r\n\r\n  <\/div><div class=\"item-columns\">\r\n   <article id=\"post-47\" class=\"post post-style-1 post-47 type-post status-publish format-standard has-post-thumbnail hentry category-anzatsan category-bizden-haberler\">\r\n      \r\n      <div class=\"post-thumbnail\">\r\n                     <a href=\"https:\/\/anzatsan.com\/en\/76-62-deniz-topu\/\">\r\n               <img decoding=\"async\" width=\"560\" height=\"366\" src=\"https:\/\/anzatsan.com\/en\/wp-content\/uploads\/2020\/12\/thumbs_b_c_49c3fa367cb9239f2b02dc7855474a0a-560x366.jpg\" class=\"attachment-post-thumbnail size-post-thumbnail wp-post-image\" alt=\"76\/62 Deniz Topu\" \/>            <\/a>\r\n            \r\n                     <div class=\"entry-date\">\r\n               <span class=\"date\">02\/12\/2021<\/span>\r\n            <\/div>\r\n               <\/div>\r\n\r\n      <div class=\"entry-content has-thumbnail\">\r\n         <div class=\"content-inner\">\r\n            <div class=\"entry-meta\">\r\n               <div class=\"clearfix meta-inline post-meta-1\"><span class=\"author vcard\"><i class=\"far fa-user-circle\"><\/i>admin<\/span><\/div>            <\/div> \r\n            <h3 class=\"entry-title\"><a href=\"https:\/\/anzatsan.com\/en\/76-62-deniz-topu\/\" rel=\"bookmark\">76\/62 Deniz Topu<\/a><\/h3>\r\n            \r\n            <div class=\"read-more\">\r\n               <a class=\"btn-read-more\" href=\"https:\/\/anzatsan.com\/en\/76-62-deniz-topu\/\">Read more<i class=\"fas fa-angle-right\"><\/i><\/a>\r\n            <\/div>\r\n         <\/div>\r\n\r\n      <\/div>\r\n   <\/article>   \r\n\r\n  <\/div><div class=\"item-columns\">\r\n   <article id=\"post-46\" class=\"post post-style-1 post-46 type-post status-publish format-standard has-post-thumbnail hentry category-anzatsan\">\r\n      \r\n      <div class=\"post-thumbnail\">\r\n                     <a href=\"https:\/\/anzatsan.com\/en\/e-zma-m113\/\">\r\n               <img decoding=\"async\" width=\"560\" height=\"420\" src=\"https:\/\/anzatsan.com\/en\/wp-content\/uploads\/2020\/12\/e-zma-560x420.jpg\" class=\"attachment-post-thumbnail size-post-thumbnail wp-post-image\" alt=\"E-ZMA (M113)\" \/>            <\/a>\r\n            \r\n                     <div class=\"entry-date\">\r\n               <span class=\"date\">04\/09\/2021<\/span>\r\n            <\/div>\r\n               <\/div>\r\n\r\n      <div class=\"entry-content has-thumbnail\">\r\n         <div class=\"content-inner\">\r\n            <div class=\"entry-meta\">\r\n               <div class=\"clearfix meta-inline post-meta-1\"><span class=\"author vcard\"><i class=\"far fa-user-circle\"><\/i>admin<\/span><\/div>            <\/div> \r\n            <h3 class=\"entry-title\"><a href=\"https:\/\/anzatsan.com\/en\/e-zma-m113\/\" rel=\"bookmark\">E-ZMA (M113)<\/a><\/h3>\r\n            \r\n            <div class=\"read-more\">\r\n               <a class=\"btn-read-more\" href=\"https:\/\/anzatsan.com\/en\/e-zma-m113\/\">Read more<i class=\"fas fa-angle-right\"><\/i><\/a>\r\n            <\/div>\r\n         <\/div>\r\n\r\n      <\/div>\r\n   <\/article>   \r\n\r\n  <\/div><div class=\"item-columns\">\r\n   <article id=\"post-45\" class=\"post post-style-1 post-45 type-post status-publish format-standard has-post-thumbnail hentry category-anzatsan category-bizden-haberler\">\r\n      \r\n      <div class=\"post-thumbnail\">\r\n                     <a href=\"https:\/\/anzatsan.com\/en\/e-firtina-obus-t155\/\">\r\n               <img loading=\"lazy\" decoding=\"async\" width=\"560\" height=\"420\" src=\"https:\/\/anzatsan.com\/en\/wp-content\/uploads\/2024\/01\/Firtina-NG-Teslim-2-560x420.jpg\" class=\"attachment-post-thumbnail size-post-thumbnail wp-post-image\" alt=\"E-F\u0131rt\u0131na Ob\u00fcs (T155)\" \/>            <\/a>\r\n            \r\n                     <div class=\"entry-date\">\r\n               <span class=\"date\">20\/05\/2021<\/span>\r\n            <\/div>\r\n               <\/div>\r\n\r\n      <div class=\"entry-content has-thumbnail\">\r\n         <div class=\"content-inner\">\r\n            <div class=\"entry-meta\">\r\n               <div class=\"clearfix meta-inline post-meta-1\"><span class=\"author vcard\"><i class=\"far fa-user-circle\"><\/i>admin<\/span><\/div>            <\/div> \r\n            <h3 class=\"entry-title\"><a href=\"https:\/\/anzatsan.com\/en\/e-firtina-obus-t155\/\" rel=\"bookmark\">E-F\u0131rt\u0131na Ob\u00fcs (T155)<\/a><\/h3>\r\n            \r\n            <div class=\"read-more\">\r\n               <a class=\"btn-read-more\" href=\"https:\/\/anzatsan.com\/en\/e-firtina-obus-t155\/\">Read more<i class=\"fas fa-angle-right\"><\/i><\/a>\r\n            <\/div>\r\n         <\/div>\r\n\r\n      <\/div>\r\n   <\/article>   \r\n\r\n  <\/div>\t\t  <\/div>\r\n\t\t<\/div>\r\n\t\t\t\t\t <div class=\"pagination\">\r\n\t\t\t\t  \t\t\t <\/div>\r\n\t\t  <\/div>\r\n  <\/div>\t\t<\/div>\n\t\t\t\t<\/div>\n\t\t\t\t\t<\/div>\n\t\t<\/div>\n\t\t\t\t\t\t\t<\/div>\n\t\t<\/section>\n\t\t\t\t\t\t\t<\/div>\n\t\t","protected":false},"excerpt":{"rendered":"<p>E-F\u0131rt\u0131na Ob\u00fcs (T155) Anzatsan 20\/07\/2022 admin MKE 76mm\/62 kalibre Milli Deniz Topu TCG Beykoz Korveti \u00dczerinde Test Edilecek Read more 02\/12\/2021 admin 76\/62 Deniz Topu Read more 04\/09\/2021 admin E-ZMA (M113) Read more 20\/05\/2021 admin E-F\u0131rt\u0131na Ob\u00fcs (T155) Read more<\/p>\n","protected":false},"author":1,"featured_media":0,"parent":0,"menu_order":0,"comment_status":"closed","ping_status":"closed","template":"","meta":{"footnotes":""},"class_list":["post-25","page","type-page","status-publish","hentry"],"_links":{"self":[{"href":"https:\/\/anzatsan.com\/en\/wp-json\/wp\/v2\/pages\/25","targetHints":{"allow":["GET"]}}],"collection":[{"href":"https:\/\/anzatsan.com\/en\/wp-json\/wp\/v2\/pages"}],"about":[{"href":"https:\/\/anzatsan.com\/en\/wp-json\/wp\/v2\/types\/page"}],"author":[{"embeddable":true,"href":"https:\/\/anzatsan.com\/en\/wp-json\/wp\/v2\/users\/1"}],"replies":[{"embeddable":true,"href":"https:\/\/anzatsan.com\/en\/wp-json\/wp\/v2\/comments?post=25"}],"version-history":[{"count":7,"href":"https:\/\/anzatsan.com\/en\/wp-json\/wp\/v2\/pages\/25\/revisions"}],"predecessor-version":[{"id":2199,"href":"https:\/\/anzatsan.com\/en\/wp-json\/wp\/v2\/pages\/25\/revisions\/2199"}],"wp:attachment":[{"href":"https:\/\/anzatsan.com\/en\/wp-json\/wp\/v2\/media?parent=25"}],"curies":[{"name":"wp","href":"https:\/\/api.w.org\/{rel}","templated":true}]}}